{"id":5290,"date":"2023-12-20T23:26:47","date_gmt":"2023-12-20T23:26:47","guid":{"rendered":"https:\/\/belemdopara.org\/cim_mesecvi\/?page_id=5290"},"modified":"2025-11-19T19:19:48","modified_gmt":"2025-11-19T19:19:48","slug":"regional-tools-to-fight-violence-against-womenthe-belem-do-para-and-istanbul-conventions","status":"publish","type":"page","link":"https:\/\/belemdopara.org\/cim_mesecvi\/regional-tools-to-fight-violence-against-womenthe-belem-do-para-and-istanbul-conventions\/","title":{"rendered":"Regional tools to fight violence against women:The Bel\u00e9m do Par\u00e1 and Istanbul Conventions"},"content":{"rendered":"\t\t<div data-elementor-type=\"wp-page\" data-elementor-id=\"5290\" class=\"elementor elementor-5290\" data-elementor-settings=\"{&quot;ha_cmc_init_switcher&quot;:&quot;no&quot;}\" data-elementor-post-type=\"page\">\n\t\t\t\t\t\t<section class=\"elementor-section elementor-top-section elementor-element elementor-element-5d670e49 elementor-section-full_width elementor-section-height-default elementor-section-height-default\" data-id=\"5d670e49\" data-element_type=\"section\" data-settings=\"{&quot;_ha_eqh_enable&quot;:false}\">\n\t\t\t\t\t\t<div class=\"elementor-container elementor-column-gap-default\">\n\t\t\t\t\t\t<\/div>\n\t\t<\/section>\n\t\t\t\t<section class=\"elementor-section elementor-top-section elementor-element elementor-element-6486fccb elementor-section-full_width elementor-section-height-default elementor-section-height-default\" data-id=\"6486fccb\" data-element_type=\"section\" data-settings=\"{&quot;background_background&quot;:&quot;classic&quot;,&quot;_ha_eqh_enable&quot;:false}\">\n\t\t\t\t\t\t<div class=\"elementor-container elementor-column-gap-default\">\n\t\t\t\t\t<div class=\"elementor-column elementor-col-100 elementor-top-column elementor-element elementor-element-48930355\" data-id=\"48930355\" data-element_type=\"column\">\n\t\t\t<div class=\"elementor-widget-wrap elementor-element-populated\">\n\t\t\t\t\t\t<div class=\"elementor-element elementor-element-203c895e elementor-widget__width-initial elementor-widget elementor-widget-ha-page-title happy-addon ha-page-title\" data-id=\"203c895e\" data-element_type=\"widget\" data-widget_type=\"ha-page-title.default\">\n\t\t\t\t<div class=\"elementor-widget-container\">\n\t\t\t\t\t<h1 class=\"ha-page-title elementor-size-default\">Regional tools to fight violence against women:The Bel\u00e9m do Par\u00e1 and Istanbul Conventions<\/h1>\t\t\t\t<\/div>\n\t\t\t\t<\/div>\n\t\t\t\t\t<\/div>\n\t\t<\/div>\n\t\t\t\t\t<\/div>\n\t\t<\/section>\n\t\t\t\t<section class=\"elementor-section elementor-top-section elementor-element elementor-element-364d6459 elementor-section-boxed elementor-section-height-default elementor-section-height-default\" data-id=\"364d6459\" data-element_type=\"section\" data-settings=\"{&quot;_ha_eqh_enable&quot;:false}\">\n\t\t\t\t\t\t<div class=\"elementor-container elementor-column-gap-default\">\n\t\t\t\t\t<div class=\"elementor-column elementor-col-100 elementor-top-column elementor-element elementor-element-177f6313\" data-id=\"177f6313\" data-element_type=\"column\">\n\t\t\t<div class=\"elementor-widget-wrap elementor-element-populated\">\n\t\t\t\t\t\t<div class=\"elementor-element elementor-element-c2fa031 elementor-widget elementor-widget-spacer\" data-id=\"c2fa031\" data-element_type=\"widget\" data-widget_type=\"spacer.default\">\n\t\t\t\t<div class=\"elementor-widget-container\">\n\t\t\t\t\t\t\t<div class=\"elementor-spacer\">\n\t\t\t<div class=\"elementor-spacer-inner\"><\/div>\n\t\t<\/div>\n\t\t\t\t\t\t<\/div>\n\t\t\t\t<\/div>\n\t\t\t\t\t<\/div>\n\t\t<\/div>\n\t\t\t\t\t<\/div>\n\t\t<\/section>\n\t\t\t\t<section class=\"elementor-section elementor-top-section elementor-element elementor-element-7ff60f2 elementor-section-boxed elementor-section-height-default elementor-section-height-default\" data-id=\"7ff60f2\" data-element_type=\"section\" data-settings=\"{&quot;_ha_eqh_enable&quot;:false}\">\n\t\t\t\t\t\t<div class=\"elementor-container elementor-column-gap-default\">\n\t\t\t\t\t<div class=\"elementor-column elementor-col-33 elementor-top-column elementor-element elementor-element-6ff42d2c\" data-id=\"6ff42d2c\" data-element_type=\"column\">\n\t\t\t<div class=\"elementor-widget-wrap elementor-element-populated\">\n\t\t\t\t\t\t<div class=\"elementor-element elementor-element-2c676388 elementor-widget elementor-widget-html\" data-id=\"2c676388\" data-element_type=\"widget\" data-widget_type=\"html.default\">\n\t\t\t\t<div class=\"elementor-widget-container\">\n\t\t\t\t\t    <div class=\"image-container\">\r\n        <img decoding=\"async\" src=\"https:\/\/belemdopara.org\/wp-content\/uploads\/2024\/09\/Regional-tools-to-fight-violence-against-women.png\" alt=\"Imagen centrada\" class=\"centered-image\">\r\n    <\/div>\t\t\t\t<\/div>\n\t\t\t\t<\/div>\n\t\t\t\t<div class=\"elementor-element elementor-element-2af3a997 elementor-widget-divider--view-line elementor-widget elementor-widget-divider\" data-id=\"2af3a997\" data-element_type=\"widget\" data-widget_type=\"divider.default\">\n\t\t\t\t<div class=\"elementor-widget-container\">\n\t\t\t\t\t\t\t<div class=\"elementor-divider\">\n\t\t\t<span class=\"elementor-divider-separator\">\n\t\t\t\t\t\t<\/span>\n\t\t<\/div>\n\t\t\t\t\t\t<\/div>\n\t\t\t\t<\/div>\n\t\t\t\t<div class=\"elementor-element elementor-element-7103fabe elementor-widget elementor-widget-text-editor\" data-id=\"7103fabe\" data-element_type=\"widget\" data-widget_type=\"text-editor.default\">\n\t\t\t\t<div class=\"elementor-widget-container\">\n\t\t\t\t\t\t\t\t\tRegional tools to fight violence against women:The Bel\u00e9m do Par\u00e1 and Istanbul Conventions\t\t\t\t\t\t\t\t<\/div>\n\t\t\t\t<\/div>\n\t\t\t\t\t<\/div>\n\t\t<\/div>\n\t\t\t\t<div class=\"elementor-column elementor-col-66 elementor-top-column elementor-element elementor-element-11d57d4a\" data-id=\"11d57d4a\" data-element_type=\"column\">\n\t\t\t<div class=\"elementor-widget-wrap elementor-element-populated\">\n\t\t\t\t\t\t<div class=\"elementor-element elementor-element-6dfb91f3 elementor-widget elementor-widget-heading\" data-id=\"6dfb91f3\" data-element_type=\"widget\" data-widget_type=\"heading.default\">\n\t\t\t\t<div class=\"elementor-widget-container\">\n\t\t\t\t\t<h2 class=\"elementor-heading-title elementor-size-default\">Overview<\/h2>\t\t\t\t<\/div>\n\t\t\t\t<\/div>\n\t\t\t\t<div class=\"elementor-element elementor-element-3e216a4c elementor-widget-divider--view-line elementor-widget elementor-widget-divider\" data-id=\"3e216a4c\" data-element_type=\"widget\" data-widget_type=\"divider.default\">\n\t\t\t\t<div class=\"elementor-widget-container\">\n\t\t\t\t\t\t\t<div class=\"elementor-divider\">\n\t\t\t<span class=\"elementor-divider-separator\">\n\t\t\t\t\t\t<\/span>\n\t\t<\/div>\n\t\t\t\t\t\t<\/div>\n\t\t\t\t<\/div>\n\t\t\t\t<div class=\"elementor-element elementor-element-54df1e6 elementor-widget elementor-widget-text-editor\" data-id=\"54df1e6\" data-element_type=\"widget\" data-widget_type=\"text-editor.default\">\n\t\t\t\t<div class=\"elementor-widget-container\">\n\t\t\t\t\t\t\t\t\t<p align=\"justify\">In the framework of a side-event organized by the MESECVI and the Council of Europe as part of the 58th session of the UN Commission on the Status of Women (CSW) in March 2014, this publication seeks to support the strategies and actions of both organizations to advance the agenda for women\u2019s equality. Within this framework, and among the agreed bi-regional targets, the right of women to live a life free of violence has been defined as a priority.<\/p><p align=\"justify\">Download the full text of the publication in:\u00a0<a href=\"https:\/\/belemdopara.org\/wp-content\/uploads\/2021\/12\/MESECVI-CoE-CSWPub-EN.pdf\" target=\"_blank\" rel=\"noopener\">English<\/a>\u00a0or\u00a0<a href=\"https:\/\/belemdopara.org\/wp-content\/uploads\/2021\/12\/MESECVI-CoE-CSWPub-ES.pdf\" target=\"_blank\" rel=\"noopener\">Spanish<\/a><\/p>\t\t\t\t\t\t\t\t<\/div>\n\t\t\t\t<\/div>\n\t\t\t\t<div class=\"elementor-element elementor-element-64f79ee6 elementor-widget-divider--view-line elementor-widget elementor-widget-divider\" data-id=\"64f79ee6\" data-element_type=\"widget\" data-widget_type=\"divider.default\">\n\t\t\t\t<div class=\"elementor-widget-container\">\n\t\t\t\t\t\t\t<div class=\"elementor-divider\">\n\t\t\t<span class=\"elementor-divider-separator\">\n\t\t\t\t\t\t<\/span>\n\t\t<\/div>\n\t\t\t\t\t\t<\/div>\n\t\t\t\t<\/div>\n\t\t\t\t\t<\/div>\n\t\t<\/div>\n\t\t\t\t\t<\/div>\n\t\t<\/section>\n\t\t\t\t<\/div>\n\t\t","protected":false},"excerpt":{"rendered":"<p>Regional tools to fight violence against women:The Bel\u00e9m do Par\u00e1 and Istanbul Conventions Regional tools to fight violence against women:The Bel\u00e9m do Par\u00e1 and Istanbul Conventions Overview In the framework of a side-event organized by the MESECVI and the Council of Europe as part of the 58th session of the UN Commission on the Status [&hellip;]<\/p>\n","protected":false},"author":2,"featured_media":0,"parent":0,"menu_order":0,"comment_status":"closed","ping_status":"closed","template":"","meta":{"site-sidebar-layout":"no-sidebar","site-content-layout":"page-builder","ast-site-content-layout":"full-width-container","site-content-style":"default","site-sidebar-style":"default","ast-global-header-display":"","ast-banner-title-visibility":"","ast-main-header-display":"","ast-hfb-above-header-display":"","ast-hfb-below-header-display":"","ast-hfb-mobile-header-display":"","site-post-title":"disabled","ast-breadcrumbs-content":"","ast-featured-img":"disabled","footer-sml-layout":"","theme-transparent-header-meta":"","adv-header-id-meta":"","stick-header-meta":"","header-above-stick-meta":"","header-main-stick-meta":"","header-below-stick-meta":"","astra-migrate-meta-layouts":"set","ast-page-background-enabled":"default","ast-page-background-meta":{"desktop":{"background-color":"var(--ast-global-color-4)","background-image":"","background-repeat":"repeat","background-position":"center center","background-size":"auto","background-attachment":"scroll","background-type":"","background-media":"","overlay-type":"","overlay-color":"","overlay-opacity":"","overlay-gradient":""},"tablet":{"background-color":"","background-image":"","background-repeat":"repeat","background-position":"center center","background-size":"auto","background-attachment":"scroll","background-type":"","background-media":"","overlay-type":"","overlay-color":"","overlay-opacity":"","overlay-gradient":""},"mobile":{"background-color":"","background-image":"","background-repeat":"repeat","background-position":"center center","background-size":"auto","background-attachment":"scroll","background-type":"","background-media":"","overlay-type":"","overlay-color":"","overlay-opacity":"","overlay-gradient":""}},"ast-content-background-meta":{"desktop":{"background-color":"var(--ast-global-color-5)","background-image":"","background-repeat":"repeat","background-position":"center center","background-size":"auto","background-attachment":"scroll","background-type":"","background-media":"","overlay-type":"","overlay-color":"","overlay-opacity":"","overlay-gradient":""},"tablet":{"background-color":"var(--ast-global-color-5)","background-image":"","background-repeat":"repeat","background-position":"center center","background-size":"auto","background-attachment":"scroll","background-type":"","background-media":"","overlay-type":"","overlay-color":"","overlay-opacity":"","overlay-gradient":""},"mobile":{"background-color":"var(--ast-global-color-5)","background-image":"","background-repeat":"repeat","background-position":"center center","background-size":"auto","background-attachment":"scroll","background-type":"","background-media":"","overlay-type":"","overlay-color":"","overlay-opacity":"","overlay-gradient":""}},"footnotes":""},"class_list":["post-5290","page","type-page","status-publish","hentry"],"yoast_head":"<!-- This site is optimized with the Yoast SEO plugin v26.0 - https:\/\/yoast.com\/wordpress\/plugins\/seo\/ -->\n<title>Regional tools to fight violence against women:The Bel\u00e9m do Par\u00e1 and Istanbul Conventions - MESECVI_EN<\/title>\n<meta name=\"robots\" content=\"index, follow, max-snippet:-1, max-image-preview:large, max-video-preview:-1\" \/>\n<link rel=\"canonical\" href=\"https:\/\/belemdopara.org\/cim_mesecvi\/regional-tools-to-fight-violence-against-womenthe-belem-do-para-and-istanbul-conventions\/\" \/>\n<meta property=\"og:locale\" content=\"es_ES\" \/>\n<meta property=\"og:type\" content=\"article\" \/>\n<meta property=\"og:title\" content=\"Regional tools to fight violence against women:The Bel\u00e9m do Par\u00e1 and Istanbul Conventions - MESECVI_EN\" \/>\n<meta property=\"og:description\" content=\"Regional tools to fight violence against women:The Bel\u00e9m do Par\u00e1 and Istanbul Conventions Regional tools to fight violence against women:The Bel\u00e9m do Par\u00e1 and Istanbul Conventions Overview In the framework of a side-event organized by the MESECVI and the Council of Europe as part of the 58th session of the UN Commission on the Status [&hellip;]\" \/>\n<meta property=\"og:url\" content=\"https:\/\/belemdopara.org\/cim_mesecvi\/regional-tools-to-fight-violence-against-womenthe-belem-do-para-and-istanbul-conventions\/\" \/>\n<meta property=\"og:site_name\" content=\"MESECVI_EN\" \/>\n<meta property=\"article:modified_time\" content=\"2025-11-19T19:19:48+00:00\" \/>\n<meta property=\"og:image\" content=\"https:\/\/belemdopara.org\/wp-content\/uploads\/2024\/09\/Regional-tools-to-fight-violence-against-women.png\" \/>\n<meta name=\"twitter:card\" content=\"summary_large_image\" \/>\n<meta name=\"twitter:label1\" content=\"Tiempo de lectura\" \/>\n\t<meta name=\"twitter:data1\" content=\"1 minuto\" \/>\n<script type=\"application\/ld+json\" class=\"yoast-schema-graph\">{\"@context\":\"https:\/\/schema.org\",\"@graph\":[{\"@type\":\"WebPage\",\"@id\":\"https:\/\/belemdopara.org\/cim_mesecvi\/regional-tools-to-fight-violence-against-womenthe-belem-do-para-and-istanbul-conventions\/\",\"url\":\"https:\/\/belemdopara.org\/cim_mesecvi\/regional-tools-to-fight-violence-against-womenthe-belem-do-para-and-istanbul-conventions\/\",\"name\":\"Regional tools to fight violence against women:The Bel\u00e9m do Par\u00e1 and Istanbul Conventions - MESECVI_EN\",\"isPartOf\":{\"@id\":\"https:\/\/belemdopara.org\/cim_mesecvi\/#website\"},\"primaryImageOfPage\":{\"@id\":\"https:\/\/belemdopara.org\/cim_mesecvi\/regional-tools-to-fight-violence-against-womenthe-belem-do-para-and-istanbul-conventions\/#primaryimage\"},\"image\":{\"@id\":\"https:\/\/belemdopara.org\/cim_mesecvi\/regional-tools-to-fight-violence-against-womenthe-belem-do-para-and-istanbul-conventions\/#primaryimage\"},\"thumbnailUrl\":\"https:\/\/belemdopara.org\/wp-content\/uploads\/2024\/09\/Regional-tools-to-fight-violence-against-women.png\",\"datePublished\":\"2023-12-20T23:26:47+00:00\",\"dateModified\":\"2025-11-19T19:19:48+00:00\",\"breadcrumb\":{\"@id\":\"https:\/\/belemdopara.org\/cim_mesecvi\/regional-tools-to-fight-violence-against-womenthe-belem-do-para-and-istanbul-conventions\/#breadcrumb\"},\"inLanguage\":\"es\",\"potentialAction\":[{\"@type\":\"ReadAction\",\"target\":[\"https:\/\/belemdopara.org\/cim_mesecvi\/regional-tools-to-fight-violence-against-womenthe-belem-do-para-and-istanbul-conventions\/\"]}]},{\"@type\":\"ImageObject\",\"inLanguage\":\"es\",\"@id\":\"https:\/\/belemdopara.org\/cim_mesecvi\/regional-tools-to-fight-violence-against-womenthe-belem-do-para-and-istanbul-conventions\/#primaryimage\",\"url\":\"https:\/\/belemdopara.org\/wp-content\/uploads\/2024\/09\/Regional-tools-to-fight-violence-against-women.png\",\"contentUrl\":\"https:\/\/belemdopara.org\/wp-content\/uploads\/2024\/09\/Regional-tools-to-fight-violence-against-women.png\"},{\"@type\":\"BreadcrumbList\",\"@id\":\"https:\/\/belemdopara.org\/cim_mesecvi\/regional-tools-to-fight-violence-against-womenthe-belem-do-para-and-istanbul-conventions\/#breadcrumb\",\"itemListElement\":[{\"@type\":\"ListItem\",\"position\":1,\"name\":\"Portada\",\"item\":\"https:\/\/belemdopara.org\/cim_mesecvi\/\"},{\"@type\":\"ListItem\",\"position\":2,\"name\":\"Regional tools to fight violence against women:The Bel\u00e9m do Par\u00e1 and Istanbul Conventions\"}]},{\"@type\":\"WebSite\",\"@id\":\"https:\/\/belemdopara.org\/cim_mesecvi\/#website\",\"url\":\"https:\/\/belemdopara.org\/cim_mesecvi\/\",\"name\":\"MESECVI_EN\",\"description\":\"\",\"publisher\":{\"@id\":\"https:\/\/belemdopara.org\/cim_mesecvi\/#organization\"},\"potentialAction\":[{\"@type\":\"SearchAction\",\"target\":{\"@type\":\"EntryPoint\",\"urlTemplate\":\"https:\/\/belemdopara.org\/cim_mesecvi\/?s={search_term_string}\"},\"query-input\":{\"@type\":\"PropertyValueSpecification\",\"valueRequired\":true,\"valueName\":\"search_term_string\"}}],\"inLanguage\":\"es\"},{\"@type\":\"Organization\",\"@id\":\"https:\/\/belemdopara.org\/cim_mesecvi\/#organization\",\"name\":\"MESECVI_EN\",\"url\":\"https:\/\/belemdopara.org\/cim_mesecvi\/\",\"logo\":{\"@type\":\"ImageObject\",\"inLanguage\":\"es\",\"@id\":\"https:\/\/belemdopara.org\/cim_mesecvi\/#\/schema\/logo\/image\/\",\"url\":\"https:\/\/belemdopara.org\/cim_mesecvi\/wp-content\/uploads\/sites\/2\/2021\/12\/Logo-OEA_CIM_MESECVI-04.png\",\"contentUrl\":\"https:\/\/belemdopara.org\/cim_mesecvi\/wp-content\/uploads\/sites\/2\/2021\/12\/Logo-OEA_CIM_MESECVI-04.png\",\"width\":1667,\"height\":2333,\"caption\":\"MESECVI_EN\"},\"image\":{\"@id\":\"https:\/\/belemdopara.org\/cim_mesecvi\/#\/schema\/logo\/image\/\"}}]}<\/script>\n<!-- \/ Yoast SEO plugin. -->","yoast_head_json":{"title":"Regional tools to fight violence against women:The Bel\u00e9m do Par\u00e1 and Istanbul Conventions - MESECVI_EN","robots":{"index":"index","follow":"follow","max-snippet":"max-snippet:-1","max-image-preview":"max-image-preview:large","max-video-preview":"max-video-preview:-1"},"canonical":"https:\/\/belemdopara.org\/cim_mesecvi\/regional-tools-to-fight-violence-against-womenthe-belem-do-para-and-istanbul-conventions\/","og_locale":"es_ES","og_type":"article","og_title":"Regional tools to fight violence against women:The Bel\u00e9m do Par\u00e1 and Istanbul Conventions - MESECVI_EN","og_description":"Regional tools to fight violence against women:The Bel\u00e9m do Par\u00e1 and Istanbul Conventions Regional tools to fight violence against women:The Bel\u00e9m do Par\u00e1 and Istanbul Conventions Overview In the framework of a side-event organized by the MESECVI and the Council of Europe as part of the 58th session of the UN Commission on the Status [&hellip;]","og_url":"https:\/\/belemdopara.org\/cim_mesecvi\/regional-tools-to-fight-violence-against-womenthe-belem-do-para-and-istanbul-conventions\/","og_site_name":"MESECVI_EN","article_modified_time":"2025-11-19T19:19:48+00:00","og_image":[{"url":"https:\/\/belemdopara.org\/wp-content\/uploads\/2024\/09\/Regional-tools-to-fight-violence-against-women.png","type":"","width":"","height":""}],"twitter_card":"summary_large_image","twitter_misc":{"Tiempo de lectura":"1 minuto"},"schema":{"@context":"https:\/\/schema.org","@graph":[{"@type":"WebPage","@id":"https:\/\/belemdopara.org\/cim_mesecvi\/regional-tools-to-fight-violence-against-womenthe-belem-do-para-and-istanbul-conventions\/","url":"https:\/\/belemdopara.org\/cim_mesecvi\/regional-tools-to-fight-violence-against-womenthe-belem-do-para-and-istanbul-conventions\/","name":"Regional tools to fight violence against women:The Bel\u00e9m do Par\u00e1 and Istanbul Conventions - MESECVI_EN","isPartOf":{"@id":"https:\/\/belemdopara.org\/cim_mesecvi\/#website"},"primaryImageOfPage":{"@id":"https:\/\/belemdopara.org\/cim_mesecvi\/regional-tools-to-fight-violence-against-womenthe-belem-do-para-and-istanbul-conventions\/#primaryimage"},"image":{"@id":"https:\/\/belemdopara.org\/cim_mesecvi\/regional-tools-to-fight-violence-against-womenthe-belem-do-para-and-istanbul-conventions\/#primaryimage"},"thumbnailUrl":"https:\/\/belemdopara.org\/wp-content\/uploads\/2024\/09\/Regional-tools-to-fight-violence-against-women.png","datePublished":"2023-12-20T23:26:47+00:00","dateModified":"2025-11-19T19:19:48+00:00","breadcrumb":{"@id":"https:\/\/belemdopara.org\/cim_mesecvi\/regional-tools-to-fight-violence-against-womenthe-belem-do-para-and-istanbul-conventions\/#breadcrumb"},"inLanguage":"es","potentialAction":[{"@type":"ReadAction","target":["https:\/\/belemdopara.org\/cim_mesecvi\/regional-tools-to-fight-violence-against-womenthe-belem-do-para-and-istanbul-conventions\/"]}]},{"@type":"ImageObject","inLanguage":"es","@id":"https:\/\/belemdopara.org\/cim_mesecvi\/regional-tools-to-fight-violence-against-womenthe-belem-do-para-and-istanbul-conventions\/#primaryimage","url":"https:\/\/belemdopara.org\/wp-content\/uploads\/2024\/09\/Regional-tools-to-fight-violence-against-women.png","contentUrl":"https:\/\/belemdopara.org\/wp-content\/uploads\/2024\/09\/Regional-tools-to-fight-violence-against-women.png"},{"@type":"BreadcrumbList","@id":"https:\/\/belemdopara.org\/cim_mesecvi\/regional-tools-to-fight-violence-against-womenthe-belem-do-para-and-istanbul-conventions\/#breadcrumb","itemListElement":[{"@type":"ListItem","position":1,"name":"Portada","item":"https:\/\/belemdopara.org\/cim_mesecvi\/"},{"@type":"ListItem","position":2,"name":"Regional tools to fight violence against women:The Bel\u00e9m do Par\u00e1 and Istanbul Conventions"}]},{"@type":"WebSite","@id":"https:\/\/belemdopara.org\/cim_mesecvi\/#website","url":"https:\/\/belemdopara.org\/cim_mesecvi\/","name":"MESECVI_EN","description":"","publisher":{"@id":"https:\/\/belemdopara.org\/cim_mesecvi\/#organization"},"potentialAction":[{"@type":"SearchAction","target":{"@type":"EntryPoint","urlTemplate":"https:\/\/belemdopara.org\/cim_mesecvi\/?s={search_term_string}"},"query-input":{"@type":"PropertyValueSpecification","valueRequired":true,"valueName":"search_term_string"}}],"inLanguage":"es"},{"@type":"Organization","@id":"https:\/\/belemdopara.org\/cim_mesecvi\/#organization","name":"MESECVI_EN","url":"https:\/\/belemdopara.org\/cim_mesecvi\/","logo":{"@type":"ImageObject","inLanguage":"es","@id":"https:\/\/belemdopara.org\/cim_mesecvi\/#\/schema\/logo\/image\/","url":"https:\/\/belemdopara.org\/cim_mesecvi\/wp-content\/uploads\/sites\/2\/2021\/12\/Logo-OEA_CIM_MESECVI-04.png","contentUrl":"https:\/\/belemdopara.org\/cim_mesecvi\/wp-content\/uploads\/sites\/2\/2021\/12\/Logo-OEA_CIM_MESECVI-04.png","width":1667,"height":2333,"caption":"MESECVI_EN"},"image":{"@id":"https:\/\/belemdopara.org\/cim_mesecvi\/#\/schema\/logo\/image\/"}}]}},"_links":{"self":[{"href":"https:\/\/belemdopara.org\/cim_mesecvi\/wp-json\/wp\/v2\/pages\/5290","targetHints":{"allow":["GET"]}}],"collection":[{"href":"https:\/\/belemdopara.org\/cim_mesecvi\/wp-json\/wp\/v2\/pages"}],"about":[{"href":"https:\/\/belemdopara.org\/cim_mesecvi\/wp-json\/wp\/v2\/types\/page"}],"author":[{"embeddable":true,"href":"https:\/\/belemdopara.org\/cim_mesecvi\/wp-json\/wp\/v2\/users\/2"}],"replies":[{"embeddable":true,"href":"https:\/\/belemdopara.org\/cim_mesecvi\/wp-json\/wp\/v2\/comments?post=5290"}],"version-history":[{"count":14,"href":"https:\/\/belemdopara.org\/cim_mesecvi\/wp-json\/wp\/v2\/pages\/5290\/revisions"}],"predecessor-version":[{"id":7630,"href":"https:\/\/belemdopara.org\/cim_mesecvi\/wp-json\/wp\/v2\/pages\/5290\/revisions\/7630"}],"wp:attachment":[{"href":"https:\/\/belemdopara.org\/cim_mesecvi\/wp-json\/wp\/v2\/media?parent=5290"}],"curies":[{"name":"wp","href":"https:\/\/api.w.org\/{rel}","templated":true}]}}