{"id":5141,"date":"2023-12-19T16:24:28","date_gmt":"2023-12-19T16:24:28","guid":{"rendered":"https:\/\/belemdopara.org\/cim_mesecvi\/?page_id=5141"},"modified":"2025-11-19T16:47:46","modified_gmt":"2025-11-19T16:47:46","slug":"first-hemispheric-report-on-the-implementation-of-the-belem-do-para-convention","status":"publish","type":"page","link":"https:\/\/belemdopara.org\/cim_mesecvi\/first-hemispheric-report-on-the-implementation-of-the-belem-do-para-convention\/","title":{"rendered":"First Hemispheric Report on the Implementation of the Bel\u00e9m do Par\u00e1 Convention"},"content":{"rendered":"\t\t<div data-elementor-type=\"wp-page\" data-elementor-id=\"5141\" class=\"elementor elementor-5141\" data-elementor-settings=\"{&quot;ha_cmc_init_switcher&quot;:&quot;no&quot;}\" data-elementor-post-type=\"page\">\n\t\t\t\t\t\t<section class=\"elementor-section elementor-top-section elementor-element elementor-element-101c6420 elementor-section-full_width elementor-section-height-default elementor-section-height-default\" data-id=\"101c6420\" data-element_type=\"section\" data-settings=\"{&quot;_ha_eqh_enable&quot;:false}\">\n\t\t\t\t\t\t<div class=\"elementor-container elementor-column-gap-default\">\n\t\t\t\t\t\t<\/div>\n\t\t<\/section>\n\t\t\t\t<section class=\"elementor-section elementor-top-section elementor-element elementor-element-5961cde1 elementor-section-full_width elementor-section-height-default elementor-section-height-default\" data-id=\"5961cde1\" data-element_type=\"section\" data-settings=\"{&quot;background_background&quot;:&quot;classic&quot;,&quot;_ha_eqh_enable&quot;:false}\">\n\t\t\t\t\t\t<div class=\"elementor-container elementor-column-gap-default\">\n\t\t\t\t\t<div class=\"elementor-column elementor-col-100 elementor-top-column elementor-element elementor-element-5dacff30\" data-id=\"5dacff30\" data-element_type=\"column\">\n\t\t\t<div class=\"elementor-widget-wrap elementor-element-populated\">\n\t\t\t\t\t\t<div class=\"elementor-element elementor-element-27b00b62 elementor-widget__width-initial elementor-widget elementor-widget-ha-page-title happy-addon ha-page-title\" data-id=\"27b00b62\" data-element_type=\"widget\" data-widget_type=\"ha-page-title.default\">\n\t\t\t\t<div class=\"elementor-widget-container\">\n\t\t\t\t\t<h1 class=\"ha-page-title elementor-size-default\">First Hemispheric Report on the Implementation of the Bel\u00e9m do Par\u00e1 Convention<\/h1>\t\t\t\t<\/div>\n\t\t\t\t<\/div>\n\t\t\t\t\t<\/div>\n\t\t<\/div>\n\t\t\t\t\t<\/div>\n\t\t<\/section>\n\t\t\t\t<section class=\"elementor-section elementor-top-section elementor-element elementor-element-3f66997 elementor-section-boxed elementor-section-height-default elementor-section-height-default\" data-id=\"3f66997\" data-element_type=\"section\" data-settings=\"{&quot;_ha_eqh_enable&quot;:false}\">\n\t\t\t\t\t\t<div class=\"elementor-container elementor-column-gap-default\">\n\t\t\t\t\t<div class=\"elementor-column elementor-col-100 elementor-top-column elementor-element elementor-element-6ff888e6\" data-id=\"6ff888e6\" data-element_type=\"column\">\n\t\t\t<div class=\"elementor-widget-wrap elementor-element-populated\">\n\t\t\t\t\t\t<div class=\"elementor-element elementor-element-29aa54aa elementor-widget elementor-widget-spacer\" data-id=\"29aa54aa\" data-element_type=\"widget\" data-widget_type=\"spacer.default\">\n\t\t\t\t<div class=\"elementor-widget-container\">\n\t\t\t\t\t\t\t<div class=\"elementor-spacer\">\n\t\t\t<div class=\"elementor-spacer-inner\"><\/div>\n\t\t<\/div>\n\t\t\t\t\t\t<\/div>\n\t\t\t\t<\/div>\n\t\t\t\t\t<\/div>\n\t\t<\/div>\n\t\t\t\t\t<\/div>\n\t\t<\/section>\n\t\t\t\t<section class=\"elementor-section elementor-top-section elementor-element elementor-element-5b8daa45 elementor-section-boxed elementor-section-height-default elementor-section-height-default\" data-id=\"5b8daa45\" data-element_type=\"section\" data-settings=\"{&quot;_ha_eqh_enable&quot;:false}\">\n\t\t\t\t\t\t<div class=\"elementor-container elementor-column-gap-default\">\n\t\t\t\t\t<div class=\"elementor-column elementor-col-33 elementor-top-column elementor-element elementor-element-500cf861\" data-id=\"500cf861\" data-element_type=\"column\">\n\t\t\t<div class=\"elementor-widget-wrap elementor-element-populated\">\n\t\t\t\t\t\t<div class=\"elementor-element elementor-element-646e4531 elementor-widget elementor-widget-html\" data-id=\"646e4531\" data-element_type=\"widget\" data-widget_type=\"html.default\">\n\t\t\t\t<div class=\"elementor-widget-container\">\n\t\t\t\t\t    <div class=\"image-container\">\r\n        <img decoding=\"async\" src=\"https:\/\/www.oas.org\/en\/mesecvi\/img\/IHemisphericReport-EN-Med.JPG\" alt=\"Imagen centrada\" class=\"centered-image\">\r\n    <\/div>\t\t\t\t<\/div>\n\t\t\t\t<\/div>\n\t\t\t\t<div class=\"elementor-element elementor-element-5d917742 elementor-widget-divider--view-line elementor-widget elementor-widget-divider\" data-id=\"5d917742\" data-element_type=\"widget\" data-widget_type=\"divider.default\">\n\t\t\t\t<div class=\"elementor-widget-container\">\n\t\t\t\t\t\t\t<div class=\"elementor-divider\">\n\t\t\t<span class=\"elementor-divider-separator\">\n\t\t\t\t\t\t<\/span>\n\t\t<\/div>\n\t\t\t\t\t\t<\/div>\n\t\t\t\t<\/div>\n\t\t\t\t<div class=\"elementor-element elementor-element-787120f4 elementor-widget elementor-widget-text-editor\" data-id=\"787120f4\" data-element_type=\"widget\" data-widget_type=\"text-editor.default\">\n\t\t\t\t<div class=\"elementor-widget-container\">\n\t\t\t\t\t\t\t\t\tFirst Hemispheric Report on the Implementation of the Bel\u00e9m do Par\u00e1 Convention\t\t\t\t\t\t\t\t<\/div>\n\t\t\t\t<\/div>\n\t\t\t\t\t<\/div>\n\t\t<\/div>\n\t\t\t\t<div class=\"elementor-column elementor-col-66 elementor-top-column elementor-element elementor-element-40d8542e\" data-id=\"40d8542e\" data-element_type=\"column\">\n\t\t\t<div class=\"elementor-widget-wrap elementor-element-populated\">\n\t\t\t\t\t\t<div class=\"elementor-element elementor-element-1f63db29 elementor-widget elementor-widget-heading\" data-id=\"1f63db29\" data-element_type=\"widget\" data-widget_type=\"heading.default\">\n\t\t\t\t<div class=\"elementor-widget-container\">\n\t\t\t\t\t<h2 class=\"elementor-heading-title elementor-size-default\">Overview<\/h2>\t\t\t\t<\/div>\n\t\t\t\t<\/div>\n\t\t\t\t<div class=\"elementor-element elementor-element-703292a elementor-widget-divider--view-line elementor-widget elementor-widget-divider\" data-id=\"703292a\" data-element_type=\"widget\" data-widget_type=\"divider.default\">\n\t\t\t\t<div class=\"elementor-widget-container\">\n\t\t\t\t\t\t\t<div class=\"elementor-divider\">\n\t\t\t<span class=\"elementor-divider-separator\">\n\t\t\t\t\t\t<\/span>\n\t\t<\/div>\n\t\t\t\t\t\t<\/div>\n\t\t\t\t<\/div>\n\t\t\t\t<div class=\"elementor-element elementor-element-78706f74 elementor-widget elementor-widget-text-editor\" data-id=\"78706f74\" data-element_type=\"widget\" data-widget_type=\"text-editor.default\">\n\t\t\t\t<div class=\"elementor-widget-container\">\n\t\t\t\t\t\t\t\t\t<p align=\"justify\">The First Hemispheric Report reviews the progress made by the States Party in their implementation of the Bel\u00e9m do Par\u00e1 Convention, as well as the significant challenges that remain in the region in terms of a timely, appropriate and effective response to acts of violence against women, from a perspective of human rights.<\/p><p align=\"justify\">The Report consolidates the results and recommendations from the 28 national reports presented to the MESECVI during the First Multilaterial Evaluation Round.<\/p><p align=\"justify\">Download the full publication in:\u00a0<a href=\"https:\/\/belemdopara.org\/wp-content\/uploads\/2021\/12\/InformeHemisferico2008-EN.pdf\" target=\"_blank\" rel=\"noopener\">English<\/a>,\u00a0<a href=\"https:\/\/belemdopara.org\/wp-content\/uploads\/2021\/12\/InformeHemisferico2008-SP.pdf\" target=\"_blank\" rel=\"noopener\">Spanish<\/a>,\u00a0<a href=\"https:\/\/belemdopara.org\/wp-content\/uploads\/2021\/12\/InformeHemisferico2008-PO.pdf\" target=\"_blank\" rel=\"noopener\">Portuguese<\/a>\u00a0or\u00a0<a href=\"https:\/\/belemdopara.org\/wp-content\/uploads\/2021\/12\/InformeHemisferico2008-FR.pdf\" target=\"_blank\" rel=\"noopener\">French<\/a><\/p>\t\t\t\t\t\t\t\t<\/div>\n\t\t\t\t<\/div>\n\t\t\t\t<div class=\"elementor-element elementor-element-171c63e7 elementor-widget-divider--view-line elementor-widget elementor-widget-divider\" data-id=\"171c63e7\" data-element_type=\"widget\" data-widget_type=\"divider.default\">\n\t\t\t\t<div class=\"elementor-widget-container\">\n\t\t\t\t\t\t\t<div class=\"elementor-divider\">\n\t\t\t<span class=\"elementor-divider-separator\">\n\t\t\t\t\t\t<\/span>\n\t\t<\/div>\n\t\t\t\t\t\t<\/div>\n\t\t\t\t<\/div>\n\t\t\t\t\t<\/div>\n\t\t<\/div>\n\t\t\t\t\t<\/div>\n\t\t<\/section>\n\t\t\t\t<\/div>\n\t\t","protected":false},"excerpt":{"rendered":"<p>First Hemispheric Report on the Implementation of the Bel\u00e9m do Par\u00e1 Convention First Hemispheric Report on the Implementation of the Bel\u00e9m do Par\u00e1 Convention Overview The First Hemispheric Report reviews the progress made by the States Party in their implementation of the Bel\u00e9m do Par\u00e1 Convention, as well as the significant challenges that remain in [&hellip;]<\/p>\n","protected":false},"author":2,"featured_media":0,"parent":0,"menu_order":0,"comment_status":"closed","ping_status":"closed","template":"","meta":{"site-sidebar-layout":"no-sidebar","site-content-layout":"page-builder","ast-site-content-layout":"full-width-container","site-content-style":"default","site-sidebar-style":"default","ast-global-header-display":"","ast-banner-title-visibility":"","ast-main-header-display":"","ast-hfb-above-header-display":"","ast-hfb-below-header-display":"","ast-hfb-mobile-header-display":"","site-post-title":"disabled","ast-breadcrumbs-content":"","ast-featured-img":"disabled","footer-sml-layout":"","theme-transparent-header-meta":"","adv-header-id-meta":"","stick-header-meta":"","header-above-stick-meta":"","header-main-stick-meta":"","header-below-stick-meta":"","astra-migrate-meta-layouts":"set","ast-page-background-enabled":"default","ast-page-background-meta":{"desktop":{"background-color":"var(--ast-global-color-4)","background-image":"","background-repeat":"repeat","background-position":"center center","background-size":"auto","background-attachment":"scroll","background-type":"","background-media":"","overlay-type":"","overlay-color":"","overlay-opacity":"","overlay-gradient":""},"tablet":{"background-color":"","background-image":"","background-repeat":"repeat","background-position":"center center","background-size":"auto","background-attachment":"scroll","background-type":"","background-media":"","overlay-type":"","overlay-color":"","overlay-opacity":"","overlay-gradient":""},"mobile":{"background-color":"","background-image":"","background-repeat":"repeat","background-position":"center center","background-size":"auto","background-attachment":"scroll","background-type":"","background-media":"","overlay-type":"","overlay-color":"","overlay-opacity":"","overlay-gradient":""}},"ast-content-background-meta":{"desktop":{"background-color":"var(--ast-global-color-5)","background-image":"","background-repeat":"repeat","background-position":"center center","background-size":"auto","background-attachment":"scroll","background-type":"","background-media":"","overlay-type":"","overlay-color":"","overlay-opacity":"","overlay-gradient":""},"tablet":{"background-color":"var(--ast-global-color-5)","background-image":"","background-repeat":"repeat","background-position":"center center","background-size":"auto","background-attachment":"scroll","background-type":"","background-media":"","overlay-type":"","overlay-color":"","overlay-opacity":"","overlay-gradient":""},"mobile":{"background-color":"var(--ast-global-color-5)","background-image":"","background-repeat":"repeat","background-position":"center center","background-size":"auto","background-attachment":"scroll","background-type":"","background-media":"","overlay-type":"","overlay-color":"","overlay-opacity":"","overlay-gradient":""}},"footnotes":""},"class_list":["post-5141","page","type-page","status-publish","hentry"],"yoast_head":"<!-- This site is optimized with the Yoast SEO plugin v26.0 - https:\/\/yoast.com\/wordpress\/plugins\/seo\/ -->\n<title>First Hemispheric Report on the Implementation of the Bel\u00e9m do Par\u00e1 Convention - MESECVI_EN<\/title>\n<meta name=\"robots\" content=\"index, follow, max-snippet:-1, max-image-preview:large, max-video-preview:-1\" \/>\n<link rel=\"canonical\" href=\"https:\/\/belemdopara.org\/cim_mesecvi\/first-hemispheric-report-on-the-implementation-of-the-belem-do-para-convention\/\" \/>\n<meta property=\"og:locale\" content=\"es_ES\" \/>\n<meta property=\"og:type\" content=\"article\" \/>\n<meta property=\"og:title\" content=\"First Hemispheric Report on the Implementation of the Bel\u00e9m do Par\u00e1 Convention - MESECVI_EN\" \/>\n<meta property=\"og:description\" content=\"First Hemispheric Report on the Implementation of the Bel\u00e9m do Par\u00e1 Convention First Hemispheric Report on the Implementation of the Bel\u00e9m do Par\u00e1 Convention Overview The First Hemispheric Report reviews the progress made by the States Party in their implementation of the Bel\u00e9m do Par\u00e1 Convention, as well as the significant challenges that remain in [&hellip;]\" \/>\n<meta property=\"og:url\" content=\"https:\/\/belemdopara.org\/cim_mesecvi\/first-hemispheric-report-on-the-implementation-of-the-belem-do-para-convention\/\" \/>\n<meta property=\"og:site_name\" content=\"MESECVI_EN\" \/>\n<meta property=\"article:modified_time\" content=\"2025-11-19T16:47:46+00:00\" \/>\n<meta property=\"og:image\" content=\"https:\/\/www.oas.org\/en\/mesecvi\/img\/IHemisphericReport-EN-Med.JPG\" \/>\n<meta name=\"twitter:card\" content=\"summary_large_image\" \/>\n<meta name=\"twitter:label1\" content=\"Tiempo de lectura\" \/>\n\t<meta name=\"twitter:data1\" content=\"1 minuto\" \/>\n<script type=\"application\/ld+json\" class=\"yoast-schema-graph\">{\"@context\":\"https:\/\/schema.org\",\"@graph\":[{\"@type\":\"WebPage\",\"@id\":\"https:\/\/belemdopara.org\/cim_mesecvi\/first-hemispheric-report-on-the-implementation-of-the-belem-do-para-convention\/\",\"url\":\"https:\/\/belemdopara.org\/cim_mesecvi\/first-hemispheric-report-on-the-implementation-of-the-belem-do-para-convention\/\",\"name\":\"First Hemispheric Report on the Implementation of the Bel\u00e9m do Par\u00e1 Convention - MESECVI_EN\",\"isPartOf\":{\"@id\":\"https:\/\/belemdopara.org\/cim_mesecvi\/#website\"},\"primaryImageOfPage\":{\"@id\":\"https:\/\/belemdopara.org\/cim_mesecvi\/first-hemispheric-report-on-the-implementation-of-the-belem-do-para-convention\/#primaryimage\"},\"image\":{\"@id\":\"https:\/\/belemdopara.org\/cim_mesecvi\/first-hemispheric-report-on-the-implementation-of-the-belem-do-para-convention\/#primaryimage\"},\"thumbnailUrl\":\"https:\/\/www.oas.org\/en\/mesecvi\/img\/IHemisphericReport-EN-Med.JPG\",\"datePublished\":\"2023-12-19T16:24:28+00:00\",\"dateModified\":\"2025-11-19T16:47:46+00:00\",\"breadcrumb\":{\"@id\":\"https:\/\/belemdopara.org\/cim_mesecvi\/first-hemispheric-report-on-the-implementation-of-the-belem-do-para-convention\/#breadcrumb\"},\"inLanguage\":\"es\",\"potentialAction\":[{\"@type\":\"ReadAction\",\"target\":[\"https:\/\/belemdopara.org\/cim_mesecvi\/first-hemispheric-report-on-the-implementation-of-the-belem-do-para-convention\/\"]}]},{\"@type\":\"ImageObject\",\"inLanguage\":\"es\",\"@id\":\"https:\/\/belemdopara.org\/cim_mesecvi\/first-hemispheric-report-on-the-implementation-of-the-belem-do-para-convention\/#primaryimage\",\"url\":\"https:\/\/www.oas.org\/en\/mesecvi\/img\/IHemisphericReport-EN-Med.JPG\",\"contentUrl\":\"https:\/\/www.oas.org\/en\/mesecvi\/img\/IHemisphericReport-EN-Med.JPG\"},{\"@type\":\"BreadcrumbList\",\"@id\":\"https:\/\/belemdopara.org\/cim_mesecvi\/first-hemispheric-report-on-the-implementation-of-the-belem-do-para-convention\/#breadcrumb\",\"itemListElement\":[{\"@type\":\"ListItem\",\"position\":1,\"name\":\"Portada\",\"item\":\"https:\/\/belemdopara.org\/cim_mesecvi\/\"},{\"@type\":\"ListItem\",\"position\":2,\"name\":\"First Hemispheric Report on the Implementation of the Bel\u00e9m do Par\u00e1 Convention\"}]},{\"@type\":\"WebSite\",\"@id\":\"https:\/\/belemdopara.org\/cim_mesecvi\/#website\",\"url\":\"https:\/\/belemdopara.org\/cim_mesecvi\/\",\"name\":\"MESECVI_EN\",\"description\":\"\",\"publisher\":{\"@id\":\"https:\/\/belemdopara.org\/cim_mesecvi\/#organization\"},\"potentialAction\":[{\"@type\":\"SearchAction\",\"target\":{\"@type\":\"EntryPoint\",\"urlTemplate\":\"https:\/\/belemdopara.org\/cim_mesecvi\/?s={search_term_string}\"},\"query-input\":{\"@type\":\"PropertyValueSpecification\",\"valueRequired\":true,\"valueName\":\"search_term_string\"}}],\"inLanguage\":\"es\"},{\"@type\":\"Organization\",\"@id\":\"https:\/\/belemdopara.org\/cim_mesecvi\/#organization\",\"name\":\"MESECVI_EN\",\"url\":\"https:\/\/belemdopara.org\/cim_mesecvi\/\",\"logo\":{\"@type\":\"ImageObject\",\"inLanguage\":\"es\",\"@id\":\"https:\/\/belemdopara.org\/cim_mesecvi\/#\/schema\/logo\/image\/\",\"url\":\"https:\/\/belemdopara.org\/cim_mesecvi\/wp-content\/uploads\/sites\/2\/2021\/12\/Logo-OEA_CIM_MESECVI-04.png\",\"contentUrl\":\"https:\/\/belemdopara.org\/cim_mesecvi\/wp-content\/uploads\/sites\/2\/2021\/12\/Logo-OEA_CIM_MESECVI-04.png\",\"width\":1667,\"height\":2333,\"caption\":\"MESECVI_EN\"},\"image\":{\"@id\":\"https:\/\/belemdopara.org\/cim_mesecvi\/#\/schema\/logo\/image\/\"}}]}<\/script>\n<!-- \/ Yoast SEO plugin. -->","yoast_head_json":{"title":"First Hemispheric Report on the Implementation of the Bel\u00e9m do Par\u00e1 Convention - MESECVI_EN","robots":{"index":"index","follow":"follow","max-snippet":"max-snippet:-1","max-image-preview":"max-image-preview:large","max-video-preview":"max-video-preview:-1"},"canonical":"https:\/\/belemdopara.org\/cim_mesecvi\/first-hemispheric-report-on-the-implementation-of-the-belem-do-para-convention\/","og_locale":"es_ES","og_type":"article","og_title":"First Hemispheric Report on the Implementation of the Bel\u00e9m do Par\u00e1 Convention - MESECVI_EN","og_description":"First Hemispheric Report on the Implementation of the Bel\u00e9m do Par\u00e1 Convention First Hemispheric Report on the Implementation of the Bel\u00e9m do Par\u00e1 Convention Overview The First Hemispheric Report reviews the progress made by the States Party in their implementation of the Bel\u00e9m do Par\u00e1 Convention, as well as the significant challenges that remain in [&hellip;]","og_url":"https:\/\/belemdopara.org\/cim_mesecvi\/first-hemispheric-report-on-the-implementation-of-the-belem-do-para-convention\/","og_site_name":"MESECVI_EN","article_modified_time":"2025-11-19T16:47:46+00:00","og_image":[{"url":"https:\/\/www.oas.org\/en\/mesecvi\/img\/IHemisphericReport-EN-Med.JPG","type":"","width":"","height":""}],"twitter_card":"summary_large_image","twitter_misc":{"Tiempo de lectura":"1 minuto"},"schema":{"@context":"https:\/\/schema.org","@graph":[{"@type":"WebPage","@id":"https:\/\/belemdopara.org\/cim_mesecvi\/first-hemispheric-report-on-the-implementation-of-the-belem-do-para-convention\/","url":"https:\/\/belemdopara.org\/cim_mesecvi\/first-hemispheric-report-on-the-implementation-of-the-belem-do-para-convention\/","name":"First Hemispheric Report on the Implementation of the Bel\u00e9m do Par\u00e1 Convention - MESECVI_EN","isPartOf":{"@id":"https:\/\/belemdopara.org\/cim_mesecvi\/#website"},"primaryImageOfPage":{"@id":"https:\/\/belemdopara.org\/cim_mesecvi\/first-hemispheric-report-on-the-implementation-of-the-belem-do-para-convention\/#primaryimage"},"image":{"@id":"https:\/\/belemdopara.org\/cim_mesecvi\/first-hemispheric-report-on-the-implementation-of-the-belem-do-para-convention\/#primaryimage"},"thumbnailUrl":"https:\/\/www.oas.org\/en\/mesecvi\/img\/IHemisphericReport-EN-Med.JPG","datePublished":"2023-12-19T16:24:28+00:00","dateModified":"2025-11-19T16:47:46+00:00","breadcrumb":{"@id":"https:\/\/belemdopara.org\/cim_mesecvi\/first-hemispheric-report-on-the-implementation-of-the-belem-do-para-convention\/#breadcrumb"},"inLanguage":"es","potentialAction":[{"@type":"ReadAction","target":["https:\/\/belemdopara.org\/cim_mesecvi\/first-hemispheric-report-on-the-implementation-of-the-belem-do-para-convention\/"]}]},{"@type":"ImageObject","inLanguage":"es","@id":"https:\/\/belemdopara.org\/cim_mesecvi\/first-hemispheric-report-on-the-implementation-of-the-belem-do-para-convention\/#primaryimage","url":"https:\/\/www.oas.org\/en\/mesecvi\/img\/IHemisphericReport-EN-Med.JPG","contentUrl":"https:\/\/www.oas.org\/en\/mesecvi\/img\/IHemisphericReport-EN-Med.JPG"},{"@type":"BreadcrumbList","@id":"https:\/\/belemdopara.org\/cim_mesecvi\/first-hemispheric-report-on-the-implementation-of-the-belem-do-para-convention\/#breadcrumb","itemListElement":[{"@type":"ListItem","position":1,"name":"Portada","item":"https:\/\/belemdopara.org\/cim_mesecvi\/"},{"@type":"ListItem","position":2,"name":"First Hemispheric Report on the Implementation of the Bel\u00e9m do Par\u00e1 Convention"}]},{"@type":"WebSite","@id":"https:\/\/belemdopara.org\/cim_mesecvi\/#website","url":"https:\/\/belemdopara.org\/cim_mesecvi\/","name":"MESECVI_EN","description":"","publisher":{"@id":"https:\/\/belemdopara.org\/cim_mesecvi\/#organization"},"potentialAction":[{"@type":"SearchAction","target":{"@type":"EntryPoint","urlTemplate":"https:\/\/belemdopara.org\/cim_mesecvi\/?s={search_term_string}"},"query-input":{"@type":"PropertyValueSpecification","valueRequired":true,"valueName":"search_term_string"}}],"inLanguage":"es"},{"@type":"Organization","@id":"https:\/\/belemdopara.org\/cim_mesecvi\/#organization","name":"MESECVI_EN","url":"https:\/\/belemdopara.org\/cim_mesecvi\/","logo":{"@type":"ImageObject","inLanguage":"es","@id":"https:\/\/belemdopara.org\/cim_mesecvi\/#\/schema\/logo\/image\/","url":"https:\/\/belemdopara.org\/cim_mesecvi\/wp-content\/uploads\/sites\/2\/2021\/12\/Logo-OEA_CIM_MESECVI-04.png","contentUrl":"https:\/\/belemdopara.org\/cim_mesecvi\/wp-content\/uploads\/sites\/2\/2021\/12\/Logo-OEA_CIM_MESECVI-04.png","width":1667,"height":2333,"caption":"MESECVI_EN"},"image":{"@id":"https:\/\/belemdopara.org\/cim_mesecvi\/#\/schema\/logo\/image\/"}}]}},"_links":{"self":[{"href":"https:\/\/belemdopara.org\/cim_mesecvi\/wp-json\/wp\/v2\/pages\/5141","targetHints":{"allow":["GET"]}}],"collection":[{"href":"https:\/\/belemdopara.org\/cim_mesecvi\/wp-json\/wp\/v2\/pages"}],"about":[{"href":"https:\/\/belemdopara.org\/cim_mesecvi\/wp-json\/wp\/v2\/types\/page"}],"author":[{"embeddable":true,"href":"https:\/\/belemdopara.org\/cim_mesecvi\/wp-json\/wp\/v2\/users\/2"}],"replies":[{"embeddable":true,"href":"https:\/\/belemdopara.org\/cim_mesecvi\/wp-json\/wp\/v2\/comments?post=5141"}],"version-history":[{"count":11,"href":"https:\/\/belemdopara.org\/cim_mesecvi\/wp-json\/wp\/v2\/pages\/5141\/revisions"}],"predecessor-version":[{"id":7553,"href":"https:\/\/belemdopara.org\/cim_mesecvi\/wp-json\/wp\/v2\/pages\/5141\/revisions\/7553"}],"wp:attachment":[{"href":"https:\/\/belemdopara.org\/cim_mesecvi\/wp-json\/wp\/v2\/media?parent=5141"}],"curies":[{"name":"wp","href":"https:\/\/api.w.org\/{rel}","templated":true}]}}