{"id":4838,"date":"2023-11-17T16:21:15","date_gmt":"2023-11-17T16:21:15","guid":{"rendered":"https:\/\/belemdopara.org\/cim_mesecvi\/?page_id=4838"},"modified":"2023-11-17T16:30:48","modified_gmt":"2023-11-17T16:30:48","slug":"tercer-informe-de-seguimiento-a-la-implementacion-de-las-recomendaciones-del-comite-de-expertas-del-mesecvi-mesecvi-2020","status":"publish","type":"page","link":"https:\/\/belemdopara.org\/cim_mesecvi\/tercer-informe-de-seguimiento-a-la-implementacion-de-las-recomendaciones-del-comite-de-expertas-del-mesecvi-mesecvi-2020\/","title":{"rendered":"Tercer Informe de Seguimiento a la Implementaci\u00f3n de las Recomendaciones del Comit\u00e9 de Expertas del MESECVI (MESECVI, 2020)"},"content":{"rendered":"\t\t<div data-elementor-type=\"wp-page\" data-elementor-id=\"4838\" class=\"elementor elementor-4838\" data-elementor-settings=\"{&quot;ha_cmc_init_switcher&quot;:&quot;no&quot;}\" data-elementor-post-type=\"page\">\n\t\t\t\t\t\t<section class=\"elementor-section elementor-top-section elementor-element elementor-element-9fb3895 elementor-section-full_width elementor-section-height-default elementor-section-height-default\" data-id=\"9fb3895\" data-element_type=\"section\" data-settings=\"{&quot;_ha_eqh_enable&quot;:false}\">\n\t\t\t\t\t\t<div class=\"elementor-container elementor-column-gap-default\">\n\t\t\t\t\t\t<\/div>\n\t\t<\/section>\n\t\t\t\t<section class=\"elementor-section elementor-top-section elementor-element elementor-element-2929c96 elementor-section-full_width elementor-section-height-default elementor-section-height-default\" data-id=\"2929c96\" data-element_type=\"section\" data-settings=\"{&quot;background_background&quot;:&quot;classic&quot;,&quot;_ha_eqh_enable&quot;:false}\">\n\t\t\t\t\t\t<div class=\"elementor-container elementor-column-gap-default\">\n\t\t\t\t\t<div class=\"elementor-column elementor-col-100 elementor-top-column elementor-element elementor-element-684dafc7\" data-id=\"684dafc7\" data-element_type=\"column\">\n\t\t\t<div class=\"elementor-widget-wrap elementor-element-populated\">\n\t\t\t\t\t\t<div class=\"elementor-element elementor-element-7a38f7a6 elementor-widget elementor-widget-ha-page-title happy-addon ha-page-title\" data-id=\"7a38f7a6\" data-element_type=\"widget\" data-widget_type=\"ha-page-title.default\">\n\t\t\t\t<div class=\"elementor-widget-container\">\n\t\t\t\t\t<h1 class=\"ha-page-title elementor-size-default\">Tercer Informe de Seguimiento a la Implementaci\u00f3n de las Recomendaciones del Comit\u00e9 de Expertas del MESECVI (MESECVI, 2020)<\/h1>\t\t\t\t<\/div>\n\t\t\t\t<\/div>\n\t\t\t\t<div class=\"elementor-element elementor-element-78b010e4 elementor-align-left elementor-widget elementor-widget-breadcrumbs\" data-id=\"78b010e4\" data-element_type=\"widget\" data-widget_type=\"breadcrumbs.default\">\n\t\t\t\t<div class=\"elementor-widget-container\">\n\t\t\t\t\t<p id=\"breadcrumbs\"><span><span><a href=\"https:\/\/belemdopara.org\/cim_mesecvi\/\">Portada<\/a><\/span><\/span><\/p>\t\t\t\t<\/div>\n\t\t\t\t<\/div>\n\t\t\t\t<div class=\"elementor-element elementor-element-564c2749 elementor-widget elementor-widget-spacer\" data-id=\"564c2749\" data-element_type=\"widget\" data-widget_type=\"spacer.default\">\n\t\t\t\t<div class=\"elementor-widget-container\">\n\t\t\t\t\t\t\t<div class=\"elementor-spacer\">\n\t\t\t<div class=\"elementor-spacer-inner\"><\/div>\n\t\t<\/div>\n\t\t\t\t\t\t<\/div>\n\t\t\t\t<\/div>\n\t\t\t\t\t<\/div>\n\t\t<\/div>\n\t\t\t\t\t<\/div>\n\t\t<\/section>\n\t\t\t\t<section class=\"elementor-section elementor-top-section elementor-element elementor-element-c4153cf elementor-section-boxed elementor-section-height-default elementor-section-height-default\" data-id=\"c4153cf\" data-element_type=\"section\" data-settings=\"{&quot;_ha_eqh_enable&quot;:false}\">\n\t\t\t\t\t\t<div class=\"elementor-container elementor-column-gap-default\">\n\t\t\t\t\t<div class=\"elementor-column elementor-col-100 elementor-top-column elementor-element elementor-element-83499a8\" data-id=\"83499a8\" data-element_type=\"column\">\n\t\t\t<div class=\"elementor-widget-wrap elementor-element-populated\">\n\t\t\t\t\t\t<div class=\"elementor-element elementor-element-19bce4f elementor-widget elementor-widget-spacer\" data-id=\"19bce4f\" data-element_type=\"widget\" data-widget_type=\"spacer.default\">\n\t\t\t\t<div class=\"elementor-widget-container\">\n\t\t\t\t\t\t\t<div class=\"elementor-spacer\">\n\t\t\t<div class=\"elementor-spacer-inner\"><\/div>\n\t\t<\/div>\n\t\t\t\t\t\t<\/div>\n\t\t\t\t<\/div>\n\t\t\t\t\t<\/div>\n\t\t<\/div>\n\t\t\t\t\t<\/div>\n\t\t<\/section>\n\t\t\t\t<section class=\"elementor-section elementor-top-section elementor-element elementor-element-3c6421f elementor-section-boxed elementor-section-height-default elementor-section-height-default\" data-id=\"3c6421f\" data-element_type=\"section\" data-settings=\"{&quot;_ha_eqh_enable&quot;:false}\">\n\t\t\t\t\t\t<div class=\"elementor-container elementor-column-gap-default\">\n\t\t\t\t\t<div class=\"elementor-column elementor-col-33 elementor-top-column elementor-element elementor-element-75153ee\" data-id=\"75153ee\" data-element_type=\"column\">\n\t\t\t<div class=\"elementor-widget-wrap elementor-element-populated\">\n\t\t\t\t\t\t<div class=\"elementor-element elementor-element-4109256 elementor-widget elementor-widget-html\" data-id=\"4109256\" data-element_type=\"widget\" data-widget_type=\"html.default\">\n\t\t\t\t<div class=\"elementor-widget-container\">\n\t\t\t\t\t    <div class=\"image-container\">\r\n        <img decoding=\"async\" src=\"https:\/\/www.oas.org\/es\/mesecvi\/img\/Portada-Tercer-Informe-Seguimiento-ESP.png\" alt=\"Imagen centrada\" class=\"centered-image\">\r\n    <\/div>\t\t\t\t<\/div>\n\t\t\t\t<\/div>\n\t\t\t\t<div class=\"elementor-element elementor-element-4d0ebd2 elementor-widget-divider--view-line elementor-widget elementor-widget-divider\" data-id=\"4d0ebd2\" data-element_type=\"widget\" data-widget_type=\"divider.default\">\n\t\t\t\t<div class=\"elementor-widget-container\">\n\t\t\t\t\t\t\t<div class=\"elementor-divider\">\n\t\t\t<span class=\"elementor-divider-separator\">\n\t\t\t\t\t\t<\/span>\n\t\t<\/div>\n\t\t\t\t\t\t<\/div>\n\t\t\t\t<\/div>\n\t\t\t\t<div class=\"elementor-element elementor-element-0e55195 elementor-widget elementor-widget-text-editor\" data-id=\"0e55195\" data-element_type=\"widget\" data-widget_type=\"text-editor.default\">\n\t\t\t\t<div class=\"elementor-widget-container\">\n\t\t\t\t\t\t\t\t\t<p>Tercer Informe de Seguimiento a la Implementaci\u00f3n de las Recomendaciones del Comit\u00e9 de Expertas del MESECVI\u00a0(MESECVI, 2020)<\/p>\t\t\t\t\t\t\t\t<\/div>\n\t\t\t\t<\/div>\n\t\t\t\t\t<\/div>\n\t\t<\/div>\n\t\t\t\t<div class=\"elementor-column elementor-col-66 elementor-top-column elementor-element elementor-element-08c3d85\" data-id=\"08c3d85\" data-element_type=\"column\">\n\t\t\t<div class=\"elementor-widget-wrap elementor-element-populated\">\n\t\t\t\t\t\t<div class=\"elementor-element elementor-element-1b8bfb3 elementor-widget elementor-widget-heading\" data-id=\"1b8bfb3\" data-element_type=\"widget\" data-widget_type=\"heading.default\">\n\t\t\t\t<div class=\"elementor-widget-container\">\n\t\t\t\t\t<h2 class=\"elementor-heading-title elementor-size-default\">Vista general<\/h2>\t\t\t\t<\/div>\n\t\t\t\t<\/div>\n\t\t\t\t<div class=\"elementor-element elementor-element-153e348 elementor-widget-divider--view-line elementor-widget elementor-widget-divider\" data-id=\"153e348\" data-element_type=\"widget\" data-widget_type=\"divider.default\">\n\t\t\t\t<div class=\"elementor-widget-container\">\n\t\t\t\t\t\t\t<div class=\"elementor-divider\">\n\t\t\t<span class=\"elementor-divider-separator\">\n\t\t\t\t\t\t<\/span>\n\t\t<\/div>\n\t\t\t\t\t\t<\/div>\n\t\t\t\t<\/div>\n\t\t\t\t<div class=\"elementor-element elementor-element-a546345 elementor-widget elementor-widget-text-editor\" data-id=\"a546345\" data-element_type=\"widget\" data-widget_type=\"text-editor.default\">\n\t\t\t\t<div class=\"elementor-widget-container\">\n\t\t\t\t\t\t\t\t\t<p align=\"justify\">Este informe busca compartir avances y desaf\u00edos en la prevenci\u00f3n de la violencia contra las mujeres a partir de la erradicaci\u00f3n de estereotipos en la legislaci\u00f3n, los planes nacionales, el acceso a la justicia, la informaci\u00f3n y estad\u00edstica, y el presupuesto desde un enfoque interseccional de la diversidad de las mujeres y las ni\u00f1as. Al final de cada cap\u00edtulo se incluyen una serie de conclusiones del CEVI sobre los esfuerzos de prevenci\u00f3n y adecuaci\u00f3n que realizan los Estados para una mejor implementaci\u00f3n de la Convenci\u00f3n de Bel\u00e9m do Par\u00e1.<\/p><p align=\"justify\">Baje la publicaci\u00f3n completa en\u00a0<a href=\"https:\/\/belemdopara.org\/wp-content\/uploads\/2021\/12\/Tercer-Informe-Seguimiento-ES.pdf\" target=\"_blank\" rel=\"noopener\">Espa\u00f1ol<\/a>\u00a0o\u00a0<a href=\"https:\/\/belemdopara.org\/wp-content\/uploads\/2021\/12\/Tercer-Informe-Seguimiento-EN.pdf\" rel=\"noopener\">Ingl\u00e9s.<\/a><\/p>\t\t\t\t\t\t\t\t<\/div>\n\t\t\t\t<\/div>\n\t\t\t\t<div class=\"elementor-element elementor-element-147fee4 elementor-widget-divider--view-line elementor-widget elementor-widget-divider\" data-id=\"147fee4\" data-element_type=\"widget\" data-widget_type=\"divider.default\">\n\t\t\t\t<div class=\"elementor-widget-container\">\n\t\t\t\t\t\t\t<div class=\"elementor-divider\">\n\t\t\t<span class=\"elementor-divider-separator\">\n\t\t\t\t\t\t<\/span>\n\t\t<\/div>\n\t\t\t\t\t\t<\/div>\n\t\t\t\t<\/div>\n\t\t\t\t\t<\/div>\n\t\t<\/div>\n\t\t\t\t\t<\/div>\n\t\t<\/section>\n\t\t\t\t<\/div>\n\t\t","protected":false},"excerpt":{"rendered":"<p>Tercer Informe de Seguimiento a la Implementaci\u00f3n de las Recomendaciones del Comit\u00e9 de Expertas del MESECVI (MESECVI, 2020) Tercer Informe de Seguimiento a la Implementaci\u00f3n de las Recomendaciones del Comit\u00e9 de Expertas del MESECVI\u00a0(MESECVI, 2020) Vista general Este informe busca compartir avances y desaf\u00edos en la prevenci\u00f3n de la violencia contra las mujeres a partir [&hellip;]<\/p>\n","protected":false},"author":2,"featured_media":0,"parent":0,"menu_order":0,"comment_status":"closed","ping_status":"closed","template":"","meta":{"site-sidebar-layout":"no-sidebar","site-content-layout":"page-builder","ast-site-content-layout":"full-width-container","site-content-style":"default","site-sidebar-style":"default","ast-global-header-display":"","ast-banner-title-visibility":"","ast-main-header-display":"","ast-hfb-above-header-display":"","ast-hfb-below-header-display":"","ast-hfb-mobile-header-display":"","site-post-title":"disabled","ast-breadcrumbs-content":"","ast-featured-img":"disabled","footer-sml-layout":"","theme-transparent-header-meta":"","adv-header-id-meta":"","stick-header-meta":"","header-above-stick-meta":"","header-main-stick-meta":"","header-below-stick-meta":"","astra-migrate-meta-layouts":"set","ast-page-background-enabled":"default","ast-page-background-meta":{"desktop":{"background-color":"var(--ast-global-color-4)","background-image":"","background-repeat":"repeat","background-position":"center center","background-size":"auto","background-attachment":"scroll","background-type":"","background-media":"","overlay-type":"","overlay-color":"","overlay-opacity":"","overlay-gradient":""},"tablet":{"background-color":"","background-image":"","background-repeat":"repeat","background-position":"center center","background-size":"auto","background-attachment":"scroll","background-type":"","background-media":"","overlay-type":"","overlay-color":"","overlay-opacity":"","overlay-gradient":""},"mobile":{"background-color":"","background-image":"","background-repeat":"repeat","background-position":"center center","background-size":"auto","background-attachment":"scroll","background-type":"","background-media":"","overlay-type":"","overlay-color":"","overlay-opacity":"","overlay-gradient":""}},"ast-content-background-meta":{"desktop":{"background-color":"var(--ast-global-color-5)","background-image":"","background-repeat":"repeat","background-position":"center center","background-size":"auto","background-attachment":"scroll","background-type":"","background-media":"","overlay-type":"","overlay-color":"","overlay-opacity":"","overlay-gradient":""},"tablet":{"background-color":"var(--ast-global-color-5)","background-image":"","background-repeat":"repeat","background-position":"center center","background-size":"auto","background-attachment":"scroll","background-type":"","background-media":"","overlay-type":"","overlay-color":"","overlay-opacity":"","overlay-gradient":""},"mobile":{"background-color":"var(--ast-global-color-5)","background-image":"","background-repeat":"repeat","background-position":"center center","background-size":"auto","background-attachment":"scroll","background-type":"","background-media":"","overlay-type":"","overlay-color":"","overlay-opacity":"","overlay-gradient":""}},"footnotes":""},"class_list":["post-4838","page","type-page","status-publish","hentry"],"yoast_head":"<!-- This site is optimized with the Yoast SEO plugin v26.0 - https:\/\/yoast.com\/wordpress\/plugins\/seo\/ -->\n<title>Tercer Informe de Seguimiento a la Implementaci\u00f3n de las Recomendaciones del Comit\u00e9 de Expertas del MESECVI (MESECVI, 2020) - MESECVI_EN<\/title>\n<meta name=\"robots\" content=\"index, follow, max-snippet:-1, max-image-preview:large, max-video-preview:-1\" \/>\n<link rel=\"canonical\" href=\"https:\/\/belemdopara.org\/cim_mesecvi\/tercer-informe-de-seguimiento-a-la-implementacion-de-las-recomendaciones-del-comite-de-expertas-del-mesecvi-mesecvi-2020\/\" \/>\n<meta property=\"og:locale\" content=\"es_ES\" \/>\n<meta property=\"og:type\" content=\"article\" \/>\n<meta property=\"og:title\" content=\"Tercer Informe de Seguimiento a la Implementaci\u00f3n de las Recomendaciones del Comit\u00e9 de Expertas del MESECVI (MESECVI, 2020) - MESECVI_EN\" \/>\n<meta property=\"og:description\" content=\"Tercer Informe de Seguimiento a la Implementaci\u00f3n de las Recomendaciones del Comit\u00e9 de Expertas del MESECVI (MESECVI, 2020) Tercer Informe de Seguimiento a la Implementaci\u00f3n de las Recomendaciones del Comit\u00e9 de Expertas del MESECVI\u00a0(MESECVI, 2020) Vista general Este informe busca compartir avances y desaf\u00edos en la prevenci\u00f3n de la violencia contra las mujeres a partir [&hellip;]\" \/>\n<meta property=\"og:url\" content=\"https:\/\/belemdopara.org\/cim_mesecvi\/tercer-informe-de-seguimiento-a-la-implementacion-de-las-recomendaciones-del-comite-de-expertas-del-mesecvi-mesecvi-2020\/\" \/>\n<meta property=\"og:site_name\" content=\"MESECVI_EN\" \/>\n<meta property=\"article:modified_time\" content=\"2023-11-17T16:30:48+00:00\" \/>\n<meta property=\"og:image\" content=\"https:\/\/www.oas.org\/es\/mesecvi\/img\/Portada-Tercer-Informe-Seguimiento-ESP.png\" \/>\n<meta name=\"twitter:card\" content=\"summary_large_image\" \/>\n<meta name=\"twitter:label1\" content=\"Tiempo de lectura\" \/>\n\t<meta name=\"twitter:data1\" content=\"1 minuto\" \/>\n<script type=\"application\/ld+json\" class=\"yoast-schema-graph\">{\"@context\":\"https:\/\/schema.org\",\"@graph\":[{\"@type\":\"WebPage\",\"@id\":\"https:\/\/belemdopara.org\/cim_mesecvi\/tercer-informe-de-seguimiento-a-la-implementacion-de-las-recomendaciones-del-comite-de-expertas-del-mesecvi-mesecvi-2020\/\",\"url\":\"https:\/\/belemdopara.org\/cim_mesecvi\/tercer-informe-de-seguimiento-a-la-implementacion-de-las-recomendaciones-del-comite-de-expertas-del-mesecvi-mesecvi-2020\/\",\"name\":\"Tercer Informe de Seguimiento a la Implementaci\u00f3n de las Recomendaciones del Comit\u00e9 de Expertas del MESECVI (MESECVI, 2020) - MESECVI_EN\",\"isPartOf\":{\"@id\":\"https:\/\/belemdopara.org\/cim_mesecvi\/#website\"},\"primaryImageOfPage\":{\"@id\":\"https:\/\/belemdopara.org\/cim_mesecvi\/tercer-informe-de-seguimiento-a-la-implementacion-de-las-recomendaciones-del-comite-de-expertas-del-mesecvi-mesecvi-2020\/#primaryimage\"},\"image\":{\"@id\":\"https:\/\/belemdopara.org\/cim_mesecvi\/tercer-informe-de-seguimiento-a-la-implementacion-de-las-recomendaciones-del-comite-de-expertas-del-mesecvi-mesecvi-2020\/#primaryimage\"},\"thumbnailUrl\":\"https:\/\/www.oas.org\/es\/mesecvi\/img\/Portada-Tercer-Informe-Seguimiento-ESP.png\",\"datePublished\":\"2023-11-17T16:21:15+00:00\",\"dateModified\":\"2023-11-17T16:30:48+00:00\",\"breadcrumb\":{\"@id\":\"https:\/\/belemdopara.org\/cim_mesecvi\/tercer-informe-de-seguimiento-a-la-implementacion-de-las-recomendaciones-del-comite-de-expertas-del-mesecvi-mesecvi-2020\/#breadcrumb\"},\"inLanguage\":\"es\",\"potentialAction\":[{\"@type\":\"ReadAction\",\"target\":[\"https:\/\/belemdopara.org\/cim_mesecvi\/tercer-informe-de-seguimiento-a-la-implementacion-de-las-recomendaciones-del-comite-de-expertas-del-mesecvi-mesecvi-2020\/\"]}]},{\"@type\":\"ImageObject\",\"inLanguage\":\"es\",\"@id\":\"https:\/\/belemdopara.org\/cim_mesecvi\/tercer-informe-de-seguimiento-a-la-implementacion-de-las-recomendaciones-del-comite-de-expertas-del-mesecvi-mesecvi-2020\/#primaryimage\",\"url\":\"https:\/\/www.oas.org\/es\/mesecvi\/img\/Portada-Tercer-Informe-Seguimiento-ESP.png\",\"contentUrl\":\"https:\/\/www.oas.org\/es\/mesecvi\/img\/Portada-Tercer-Informe-Seguimiento-ESP.png\"},{\"@type\":\"BreadcrumbList\",\"@id\":\"https:\/\/belemdopara.org\/cim_mesecvi\/tercer-informe-de-seguimiento-a-la-implementacion-de-las-recomendaciones-del-comite-de-expertas-del-mesecvi-mesecvi-2020\/#breadcrumb\",\"itemListElement\":[{\"@type\":\"ListItem\",\"position\":1,\"name\":\"Portada\",\"item\":\"https:\/\/belemdopara.org\/cim_mesecvi\/\"},{\"@type\":\"ListItem\",\"position\":2,\"name\":\"Tercer Informe de Seguimiento a la Implementaci\u00f3n de las Recomendaciones del Comit\u00e9 de Expertas del MESECVI (MESECVI, 2020)\"}]},{\"@type\":\"WebSite\",\"@id\":\"https:\/\/belemdopara.org\/cim_mesecvi\/#website\",\"url\":\"https:\/\/belemdopara.org\/cim_mesecvi\/\",\"name\":\"MESECVI_EN\",\"description\":\"\",\"publisher\":{\"@id\":\"https:\/\/belemdopara.org\/cim_mesecvi\/#organization\"},\"potentialAction\":[{\"@type\":\"SearchAction\",\"target\":{\"@type\":\"EntryPoint\",\"urlTemplate\":\"https:\/\/belemdopara.org\/cim_mesecvi\/?s={search_term_string}\"},\"query-input\":{\"@type\":\"PropertyValueSpecification\",\"valueRequired\":true,\"valueName\":\"search_term_string\"}}],\"inLanguage\":\"es\"},{\"@type\":\"Organization\",\"@id\":\"https:\/\/belemdopara.org\/cim_mesecvi\/#organization\",\"name\":\"MESECVI_EN\",\"url\":\"https:\/\/belemdopara.org\/cim_mesecvi\/\",\"logo\":{\"@type\":\"ImageObject\",\"inLanguage\":\"es\",\"@id\":\"https:\/\/belemdopara.org\/cim_mesecvi\/#\/schema\/logo\/image\/\",\"url\":\"https:\/\/belemdopara.org\/cim_mesecvi\/wp-content\/uploads\/sites\/2\/2021\/12\/Logo-OEA_CIM_MESECVI-04.png\",\"contentUrl\":\"https:\/\/belemdopara.org\/cim_mesecvi\/wp-content\/uploads\/sites\/2\/2021\/12\/Logo-OEA_CIM_MESECVI-04.png\",\"width\":1667,\"height\":2333,\"caption\":\"MESECVI_EN\"},\"image\":{\"@id\":\"https:\/\/belemdopara.org\/cim_mesecvi\/#\/schema\/logo\/image\/\"}}]}<\/script>\n<!-- \/ Yoast SEO plugin. -->","yoast_head_json":{"title":"Tercer Informe de Seguimiento a la Implementaci\u00f3n de las Recomendaciones del Comit\u00e9 de Expertas del MESECVI (MESECVI, 2020) - MESECVI_EN","robots":{"index":"index","follow":"follow","max-snippet":"max-snippet:-1","max-image-preview":"max-image-preview:large","max-video-preview":"max-video-preview:-1"},"canonical":"https:\/\/belemdopara.org\/cim_mesecvi\/tercer-informe-de-seguimiento-a-la-implementacion-de-las-recomendaciones-del-comite-de-expertas-del-mesecvi-mesecvi-2020\/","og_locale":"es_ES","og_type":"article","og_title":"Tercer Informe de Seguimiento a la Implementaci\u00f3n de las Recomendaciones del Comit\u00e9 de Expertas del MESECVI (MESECVI, 2020) - MESECVI_EN","og_description":"Tercer Informe de Seguimiento a la Implementaci\u00f3n de las Recomendaciones del Comit\u00e9 de Expertas del MESECVI (MESECVI, 2020) Tercer Informe de Seguimiento a la Implementaci\u00f3n de las Recomendaciones del Comit\u00e9 de Expertas del MESECVI\u00a0(MESECVI, 2020) Vista general Este informe busca compartir avances y desaf\u00edos en la prevenci\u00f3n de la violencia contra las mujeres a partir [&hellip;]","og_url":"https:\/\/belemdopara.org\/cim_mesecvi\/tercer-informe-de-seguimiento-a-la-implementacion-de-las-recomendaciones-del-comite-de-expertas-del-mesecvi-mesecvi-2020\/","og_site_name":"MESECVI_EN","article_modified_time":"2023-11-17T16:30:48+00:00","og_image":[{"url":"https:\/\/www.oas.org\/es\/mesecvi\/img\/Portada-Tercer-Informe-Seguimiento-ESP.png","type":"","width":"","height":""}],"twitter_card":"summary_large_image","twitter_misc":{"Tiempo de lectura":"1 minuto"},"schema":{"@context":"https:\/\/schema.org","@graph":[{"@type":"WebPage","@id":"https:\/\/belemdopara.org\/cim_mesecvi\/tercer-informe-de-seguimiento-a-la-implementacion-de-las-recomendaciones-del-comite-de-expertas-del-mesecvi-mesecvi-2020\/","url":"https:\/\/belemdopara.org\/cim_mesecvi\/tercer-informe-de-seguimiento-a-la-implementacion-de-las-recomendaciones-del-comite-de-expertas-del-mesecvi-mesecvi-2020\/","name":"Tercer Informe de Seguimiento a la Implementaci\u00f3n de las Recomendaciones del Comit\u00e9 de Expertas del MESECVI (MESECVI, 2020) - MESECVI_EN","isPartOf":{"@id":"https:\/\/belemdopara.org\/cim_mesecvi\/#website"},"primaryImageOfPage":{"@id":"https:\/\/belemdopara.org\/cim_mesecvi\/tercer-informe-de-seguimiento-a-la-implementacion-de-las-recomendaciones-del-comite-de-expertas-del-mesecvi-mesecvi-2020\/#primaryimage"},"image":{"@id":"https:\/\/belemdopara.org\/cim_mesecvi\/tercer-informe-de-seguimiento-a-la-implementacion-de-las-recomendaciones-del-comite-de-expertas-del-mesecvi-mesecvi-2020\/#primaryimage"},"thumbnailUrl":"https:\/\/www.oas.org\/es\/mesecvi\/img\/Portada-Tercer-Informe-Seguimiento-ESP.png","datePublished":"2023-11-17T16:21:15+00:00","dateModified":"2023-11-17T16:30:48+00:00","breadcrumb":{"@id":"https:\/\/belemdopara.org\/cim_mesecvi\/tercer-informe-de-seguimiento-a-la-implementacion-de-las-recomendaciones-del-comite-de-expertas-del-mesecvi-mesecvi-2020\/#breadcrumb"},"inLanguage":"es","potentialAction":[{"@type":"ReadAction","target":["https:\/\/belemdopara.org\/cim_mesecvi\/tercer-informe-de-seguimiento-a-la-implementacion-de-las-recomendaciones-del-comite-de-expertas-del-mesecvi-mesecvi-2020\/"]}]},{"@type":"ImageObject","inLanguage":"es","@id":"https:\/\/belemdopara.org\/cim_mesecvi\/tercer-informe-de-seguimiento-a-la-implementacion-de-las-recomendaciones-del-comite-de-expertas-del-mesecvi-mesecvi-2020\/#primaryimage","url":"https:\/\/www.oas.org\/es\/mesecvi\/img\/Portada-Tercer-Informe-Seguimiento-ESP.png","contentUrl":"https:\/\/www.oas.org\/es\/mesecvi\/img\/Portada-Tercer-Informe-Seguimiento-ESP.png"},{"@type":"BreadcrumbList","@id":"https:\/\/belemdopara.org\/cim_mesecvi\/tercer-informe-de-seguimiento-a-la-implementacion-de-las-recomendaciones-del-comite-de-expertas-del-mesecvi-mesecvi-2020\/#breadcrumb","itemListElement":[{"@type":"ListItem","position":1,"name":"Portada","item":"https:\/\/belemdopara.org\/cim_mesecvi\/"},{"@type":"ListItem","position":2,"name":"Tercer Informe de Seguimiento a la Implementaci\u00f3n de las Recomendaciones del Comit\u00e9 de Expertas del MESECVI (MESECVI, 2020)"}]},{"@type":"WebSite","@id":"https:\/\/belemdopara.org\/cim_mesecvi\/#website","url":"https:\/\/belemdopara.org\/cim_mesecvi\/","name":"MESECVI_EN","description":"","publisher":{"@id":"https:\/\/belemdopara.org\/cim_mesecvi\/#organization"},"potentialAction":[{"@type":"SearchAction","target":{"@type":"EntryPoint","urlTemplate":"https:\/\/belemdopara.org\/cim_mesecvi\/?s={search_term_string}"},"query-input":{"@type":"PropertyValueSpecification","valueRequired":true,"valueName":"search_term_string"}}],"inLanguage":"es"},{"@type":"Organization","@id":"https:\/\/belemdopara.org\/cim_mesecvi\/#organization","name":"MESECVI_EN","url":"https:\/\/belemdopara.org\/cim_mesecvi\/","logo":{"@type":"ImageObject","inLanguage":"es","@id":"https:\/\/belemdopara.org\/cim_mesecvi\/#\/schema\/logo\/image\/","url":"https:\/\/belemdopara.org\/cim_mesecvi\/wp-content\/uploads\/sites\/2\/2021\/12\/Logo-OEA_CIM_MESECVI-04.png","contentUrl":"https:\/\/belemdopara.org\/cim_mesecvi\/wp-content\/uploads\/sites\/2\/2021\/12\/Logo-OEA_CIM_MESECVI-04.png","width":1667,"height":2333,"caption":"MESECVI_EN"},"image":{"@id":"https:\/\/belemdopara.org\/cim_mesecvi\/#\/schema\/logo\/image\/"}}]}},"_links":{"self":[{"href":"https:\/\/belemdopara.org\/cim_mesecvi\/wp-json\/wp\/v2\/pages\/4838","targetHints":{"allow":["GET"]}}],"collection":[{"href":"https:\/\/belemdopara.org\/cim_mesecvi\/wp-json\/wp\/v2\/pages"}],"about":[{"href":"https:\/\/belemdopara.org\/cim_mesecvi\/wp-json\/wp\/v2\/types\/page"}],"author":[{"embeddable":true,"href":"https:\/\/belemdopara.org\/cim_mesecvi\/wp-json\/wp\/v2\/users\/2"}],"replies":[{"embeddable":true,"href":"https:\/\/belemdopara.org\/cim_mesecvi\/wp-json\/wp\/v2\/comments?post=4838"}],"version-history":[{"count":11,"href":"https:\/\/belemdopara.org\/cim_mesecvi\/wp-json\/wp\/v2\/pages\/4838\/revisions"}],"predecessor-version":[{"id":4849,"href":"https:\/\/belemdopara.org\/cim_mesecvi\/wp-json\/wp\/v2\/pages\/4838\/revisions\/4849"}],"wp:attachment":[{"href":"https:\/\/belemdopara.org\/cim_mesecvi\/wp-json\/wp\/v2\/media?parent=4838"}],"curies":[{"name":"wp","href":"https:\/\/api.w.org\/{rel}","templated":true}]}}